{"id":1833,"date":"2021-03-05T20:30:18","date_gmt":"2021-03-05T23:30:18","guid":{"rendered":"http:\/\/apiecomm.com.br\/mercado-libre\/"},"modified":"2021-04-02T11:27:35","modified_gmt":"2021-04-02T14:27:35","slug":"mercado-libre","status":"publish","type":"page","link":"https:\/\/apiecomm.com.br\/es\/mercado-libre\/","title":{"rendered":"Mercado Libre"},"content":{"rendered":"\t\t<div data-elementor-type=\"wp-page\" data-elementor-id=\"1833\" class=\"elementor elementor-1833 elementor-801\" data-elementor-settings=\"[]\">\n\t\t\t\t\t\t<div class=\"elementor-inner\">\n\t\t\t\t\t\t\t<div class=\"elementor-section-wrap\">\n\t\t\t\t\t\t\t<section class=\"elementor-section elementor-top-section elementor-element elementor-element-d08b09e elementor-section-boxed elementor-section-height-default elementor-section-height-default\" data-id=\"d08b09e\" data-element_type=\"section\">\n\t\t\t\t\t\t<div class=\"elementor-container elementor-column-gap-default\">\n\t\t\t\t\t\t\t<div class=\"elementor-row\">\n\t\t\t\t\t<div class=\"elementor-column elementor-col-50 elementor-top-column elementor-element elementor-element-69a13fe\" data-id=\"69a13fe\" data-element_type=\"column\">\n\t\t\t<div class=\"elementor-column-wrap elementor-element-populated\">\n\t\t\t\t\t\t\t<div class=\"elementor-widget-wrap\">\n\t\t\t\t\t\t<div class=\"elementor-element elementor-element-df38c1c elementor-invisible elementor-widget elementor-widget-heading\" data-id=\"df38c1c\" data-element_type=\"widget\" data-settings=\"{&quot;_animation&quot;:&quot;fadeIn&quot;}\" data-widget_type=\"heading.default\">\n\t\t\t\t<div class=\"elementor-widget-container\">\n\t\t\t<h2 class=\"elementor-heading-title elementor-size-default\">Mercado Libre<\/h2>\t\t<\/div>\n\t\t\t\t<\/div>\n\t\t\t\t<div class=\"elementor-element elementor-element-23f6306 elementor-widget elementor-widget-text-editor\" data-id=\"23f6306\" data-element_type=\"widget\" data-widget_type=\"text-editor.default\">\n\t\t\t\t<div class=\"elementor-widget-container\">\n\t\t\t\t\t\t\t\t<div class=\"elementor-text-editor elementor-clearfix\">\n\t\t\t\t<p>Fundada en 1999, Mercado Libre es la compa\u00f1\u00eda l\u00edder en tecnolog\u00eda de comercio electr\u00f3nico y servicios financieros en Am\u00e9rica Latina. La empresa ofrece soluciones para que personas y empresas puedan comprar, vender, pagar, publicitar y enviar productos y servicios a trav\u00e9s de internet. La empresa ofrece soluciones para que personas y empresas puedan comprar, vender, pagar, publicitar y enviar productos y servicios a trav\u00e9s de internet.<\/p>\n<p>Mercadolivre.com tiene 51,5 millones de usuarios activos y m\u00e1s de 11 millones de vendedores, incluidas las principales marcas. En Brasil, Mercado Libre es l\u00edder en tr\u00e1fico entre los sitios de retail, con aproximadamente 52 millones de visitantes \u00fanicos\/mes, seg\u00fan Similar Web (datos de julio de 2020), una herramienta de referencia para el mercado de tecnolog\u00eda e innovaci\u00f3n.<\/p>\n\t\t\t\t\t<\/div>\n\t\t\t\t\t\t<\/div>\n\t\t\t\t<\/div>\n\t\t\t\t\t\t<\/div>\n\t\t\t\t\t<\/div>\n\t\t<\/div>\n\t\t\t\t<div class=\"elementor-column elementor-col-50 elementor-top-column elementor-element elementor-element-79016d8\" data-id=\"79016d8\" data-element_type=\"column\">\n\t\t\t<div class=\"elementor-column-wrap elementor-element-populated\">\n\t\t\t\t\t\t\t<div class=\"elementor-widget-wrap\">\n\t\t\t\t\t\t<div class=\"elementor-element elementor-element-7e191b8 elementor-widget elementor-widget-image\" data-id=\"7e191b8\" data-element_type=\"widget\" data-widget_type=\"image.default\">\n\t\t\t\t<div class=\"elementor-widget-container\">\n\t\t\t\t\t\t\t\t<div class=\"elementor-image\">\n\t\t\t\t\t\t\t\t\t\t\t\t<img width=\"900\" height=\"749\" src=\"https:\/\/apiecomm.com.br\/wp-content\/uploads\/2021\/04\/mercado_livre-1-1-copy.jpg\" class=\"attachment-full size-full\" alt=\"\" loading=\"lazy\" srcset=\"https:\/\/apiecomm.com.br\/wp-content\/uploads\/2021\/04\/mercado_livre-1-1-copy.jpg 900w, https:\/\/apiecomm.com.br\/wp-content\/uploads\/2021\/04\/mercado_livre-1-1-copy-300x250.jpg 300w, https:\/\/apiecomm.com.br\/wp-content\/uploads\/2021\/04\/mercado_livre-1-1-copy-768x639.jpg 768w\" sizes=\"(max-width: 900px) 100vw, 900px\" \/>\t\t\t\t\t\t\t\t\t\t\t\t\t\t<\/div>\n\t\t\t\t\t\t<\/div>\n\t\t\t\t<\/div>\n\t\t\t\t\t\t<\/div>\n\t\t\t\t\t<\/div>\n\t\t<\/div>\n\t\t\t\t\t\t\t\t<\/div>\n\t\t\t\t\t<\/div>\n\t\t<\/section>\n\t\t\t\t<section class=\"elementor-section elementor-top-section elementor-element elementor-element-559e6bc elementor-section-boxed elementor-section-height-default elementor-section-height-default\" data-id=\"559e6bc\" data-element_type=\"section\">\n\t\t\t\t\t\t<div class=\"elementor-container elementor-column-gap-default\">\n\t\t\t\t\t\t\t<div class=\"elementor-row\">\n\t\t\t\t\t<div class=\"elementor-column elementor-col-100 elementor-top-column elementor-element elementor-element-8447ca2\" data-id=\"8447ca2\" data-element_type=\"column\">\n\t\t\t<div class=\"elementor-column-wrap elementor-element-populated\">\n\t\t\t\t\t\t\t<div class=\"elementor-widget-wrap\">\n\t\t\t\t\t\t<div class=\"elementor-element elementor-element-a08b4ed elementor-widget-divider--view-line elementor-widget elementor-widget-divider\" data-id=\"a08b4ed\" data-element_type=\"widget\" data-widget_type=\"divider.default\">\n\t\t\t\t<div class=\"elementor-widget-container\">\n\t\t\t\t\t<div class=\"elementor-divider\">\n\t\t\t<span class=\"elementor-divider-separator\">\n\t\t\t\t\t\t<\/span>\n\t\t<\/div>\n\t\t\t\t<\/div>\n\t\t\t\t<\/div>\n\t\t\t\t<section class=\"elementor-section elementor-inner-section elementor-element elementor-element-1628ce1 elementor-section-boxed elementor-section-height-default elementor-section-height-default\" data-id=\"1628ce1\" data-element_type=\"section\">\n\t\t\t\t\t\t<div class=\"elementor-container elementor-column-gap-default\">\n\t\t\t\t\t\t\t<div class=\"elementor-row\">\n\t\t\t\t\t<div class=\"elementor-column elementor-col-50 elementor-inner-column elementor-element elementor-element-23977a3\" data-id=\"23977a3\" data-element_type=\"column\">\n\t\t\t<div class=\"elementor-column-wrap elementor-element-populated\">\n\t\t\t\t\t\t\t<div class=\"elementor-widget-wrap\">\n\t\t\t\t\t\t<div class=\"elementor-element elementor-element-54aaf98 elementor-widget elementor-widget-image\" data-id=\"54aaf98\" data-element_type=\"widget\" data-widget_type=\"image.default\">\n\t\t\t\t<div class=\"elementor-widget-container\">\n\t\t\t\t\t\t\t\t<div class=\"elementor-image\">\n\t\t\t\t\t\t\t\t\t\t\t\t<img width=\"631\" height=\"406\" src=\"https:\/\/apiecomm.com.br\/wp-content\/uploads\/2020\/12\/05.jpg\" class=\"attachment-full size-full\" alt=\"\" loading=\"lazy\" srcset=\"https:\/\/apiecomm.com.br\/wp-content\/uploads\/2020\/12\/05.jpg 631w, https:\/\/apiecomm.com.br\/wp-content\/uploads\/2020\/12\/05-300x193.jpg 300w\" sizes=\"(max-width: 631px) 100vw, 631px\" \/>\t\t\t\t\t\t\t\t\t\t\t\t\t\t<\/div>\n\t\t\t\t\t\t<\/div>\n\t\t\t\t<\/div>\n\t\t\t\t\t\t<\/div>\n\t\t\t\t\t<\/div>\n\t\t<\/div>\n\t\t\t\t<div class=\"elementor-column elementor-col-50 elementor-inner-column elementor-element elementor-element-b1c4290\" data-id=\"b1c4290\" data-element_type=\"column\">\n\t\t\t<div class=\"elementor-column-wrap elementor-element-populated\">\n\t\t\t\t\t\t\t<div class=\"elementor-widget-wrap\">\n\t\t\t\t\t\t<div class=\"elementor-element elementor-element-b26093d elementor-widget elementor-widget-heading\" data-id=\"b26093d\" data-element_type=\"widget\" data-widget_type=\"heading.default\">\n\t\t\t\t<div class=\"elementor-widget-container\">\n\t\t\t<h2 class=\"elementor-heading-title elementor-size-default\">Funcionalidades:<\/h2>\t\t<\/div>\n\t\t\t\t<\/div>\n\t\t\t\t<div class=\"elementor-element elementor-element-b1e0925 elementor-widget elementor-widget-text-editor\" data-id=\"b1e0925\" data-element_type=\"widget\" data-widget_type=\"text-editor.default\">\n\t\t\t\t<div class=\"elementor-widget-container\">\n\t\t\t\t\t\t\t\t<div class=\"elementor-text-editor elementor-clearfix\">\n\t\t\t\t<ul><li style=\"font-weight: 400;\"><span style=\"font-weight: 400;\">I<\/span><span style=\"font-weight: 400;\">ntegraci\u00f3n de las etiquetas de Mercado Env\u00edos a tu ERP y posibilidad de imprimir directamente en nuestra plataforma;<\/span><\/li><li style=\"font-weight: 400;\"><span style=\"font-weight: 400;\">Gesti\u00f3n de m\u00faltiples cuentas; <\/span><\/li><li style=\"font-weight: 400;\"><span style=\"font-weight: 400;\">Posibilidad de crear m\u00faltiples listas de precios, de modo que el retailer pueda vender el mismo producto con precios diferenciados en sus anuncios; <\/span><\/li><li style=\"font-weight: 400;\"><span style=\"font-weight: 400;\">Hub totalmente preparado para la integraci\u00f3n y gesti\u00f3n de anuncios, pedidos de <em>Fulfillment<\/em>, Mercado Coleta y Flex;<\/span><\/li><li style=\"font-weight: 400;\"><span style=\"font-weight: 400;\">Cat\u00e1logo: utiliza la opci\u00f3n de anuncios de cat\u00e1logo, buy box, de forma integrada y autom\u00e1tica y averigua qu\u00e9 productos son elegibles para este tipo de publicaci\u00f3n;<\/span><\/li><li style=\"font-weight: 400;\"><span style=\"font-weight: 400;\">Preguntas y respuestas: Ten agilidad al responder a los mensajes post-venta;<\/span><\/li><li style=\"font-weight: 400;\"><span style=\"font-weight: 400;\">Respuestas autom\u00e1ticas personalizadas para clientes ME1;<\/span><\/li><li style=\"font-weight: 400;\"><span style=\"font-weight: 400;\">Recogida en tienda: posibilidad de crear tiendas para tener puntos de recogida;<\/span><\/li><li style=\"font-weight: 400;\"><span style=\"font-weight: 400;\">Repositorio de im\u00e1genes para publicar anuncios desde nuestra plataforma.<\/span><\/li><\/ul>\t\t\t\t\t<\/div>\n\t\t\t\t\t\t<\/div>\n\t\t\t\t<\/div>\n\t\t\t\t\t\t<\/div>\n\t\t\t\t\t<\/div>\n\t\t<\/div>\n\t\t\t\t\t\t\t\t<\/div>\n\t\t\t\t\t<\/div>\n\t\t<\/section>\n\t\t\t\t<div class=\"elementor-element elementor-element-7ae12b9 elementor-widget elementor-widget-spacer\" data-id=\"7ae12b9\" data-element_type=\"widget\" data-widget_type=\"spacer.default\">\n\t\t\t\t<div class=\"elementor-widget-container\">\n\t\t\t\t\t<div class=\"elementor-spacer\">\n\t\t\t<div class=\"elementor-spacer-inner\"><\/div>\n\t\t<\/div>\n\t\t\t\t<\/div>\n\t\t\t\t<\/div>\n\t\t\t\t\t\t<\/div>\n\t\t\t\t\t<\/div>\n\t\t<\/div>\n\t\t\t\t\t\t\t\t<\/div>\n\t\t\t\t\t<\/div>\n\t\t<\/section>\n\t\t\t\t\t\t<\/div>\n\t\t\t\t\t\t<\/div>\n\t\t\t\t\t<\/div>\n\t\t","protected":false},"excerpt":{"rendered":"<p>Mercado Libre Fundada en 1999, Mercado Libre es la compa\u00f1\u00eda l\u00edder en tecnolog\u00eda de comercio electr\u00f3nico y servicios financieros en Am\u00e9rica Latina. La empresa ofrece soluciones para que personas y empresas puedan comprar, vender, pagar, publicitar y enviar productos y servicios a trav\u00e9s de internet. La empresa ofrece soluciones para que personas y empresas puedan &hellip;<\/p>\n<p class=\"read-more\"> <a class=\"\" href=\"https:\/\/apiecomm.com.br\/es\/mercado-libre\/\"> <span class=\"screen-reader-text\">Mercado Libre<\/span> Leer m\u00e1s &raquo;<\/a><\/p>\n","protected":false},"author":5,"featured_media":0,"parent":0,"menu_order":0,"comment_status":"closed","ping_status":"closed","template":"","meta":[],"yoast_head":"<!-- This site is optimized with the Yoast SEO plugin v17.4 - https:\/\/yoast.com\/wordpress\/plugins\/seo\/ -->\n<title>Mercado Libre - api.ecomm<\/title>\n<meta name=\"robots\" content=\"index, follow, max-snippet:-1, max-image-preview:large, max-video-preview:-1\" \/>\n<link rel=\"canonical\" href=\"https:\/\/apiecomm.com.br\/es\/mercado-libre\/\" \/>\n<meta property=\"og:locale\" content=\"es_ES\" \/>\n<meta property=\"og:type\" content=\"article\" \/>\n<meta property=\"og:title\" content=\"Mercado Libre - api.ecomm\" \/>\n<meta property=\"og:description\" content=\"Mercado Libre Fundada en 1999, Mercado Libre es la compa\u00f1\u00eda l\u00edder en tecnolog\u00eda de comercio electr\u00f3nico y servicios financieros en Am\u00e9rica Latina. La empresa ofrece soluciones para que personas y empresas puedan comprar, vender, pagar, publicitar y enviar productos y servicios a trav\u00e9s de internet. La empresa ofrece soluciones para que personas y empresas puedan &hellip; Mercado Libre Leer m\u00e1s &raquo;\" \/>\n<meta property=\"og:url\" content=\"https:\/\/apiecomm.com.br\/es\/mercado-libre\/\" \/>\n<meta property=\"og:site_name\" content=\"api.ecomm\" \/>\n<meta property=\"article:modified_time\" content=\"2021-04-02T14:27:35+00:00\" \/>\n<meta property=\"og:image\" content=\"http:\/\/apiecomm.com.br\/wp-content\/uploads\/2021\/04\/mercado_livre-1-1-copy.jpg\" \/>\n<meta name=\"twitter:card\" content=\"summary_large_image\" \/>\n<meta name=\"twitter:label1\" content=\"Tiempo de lectura\" \/>\n\t<meta name=\"twitter:data1\" content=\"1 minuto\" \/>\n<script type=\"application\/ld+json\" class=\"yoast-schema-graph\">{\"@context\":\"https:\/\/schema.org\",\"@graph\":[{\"@type\":\"WebSite\",\"@id\":\"https:\/\/apiecomm.com.br\/#website\",\"url\":\"https:\/\/apiecomm.com.br\/\",\"name\":\"api.ecomm\",\"description\":\"Sua plataforma de integraa\\u00e7\\u00e3o\",\"potentialAction\":[{\"@type\":\"SearchAction\",\"target\":{\"@type\":\"EntryPoint\",\"urlTemplate\":\"https:\/\/apiecomm.com.br\/?s={search_term_string}\"},\"query-input\":\"required name=search_term_string\"}],\"inLanguage\":\"es\"},{\"@type\":\"ImageObject\",\"@id\":\"https:\/\/apiecomm.com.br\/es\/mercado-libre\/#primaryimage\",\"inLanguage\":\"es\",\"url\":\"http:\/\/apiecomm.com.br\/wp-content\/uploads\/2021\/04\/mercado_livre-1-1-copy.jpg\",\"contentUrl\":\"http:\/\/apiecomm.com.br\/wp-content\/uploads\/2021\/04\/mercado_livre-1-1-copy.jpg\"},{\"@type\":\"WebPage\",\"@id\":\"https:\/\/apiecomm.com.br\/es\/mercado-libre\/#webpage\",\"url\":\"https:\/\/apiecomm.com.br\/es\/mercado-libre\/\",\"name\":\"Mercado Libre - api.ecomm\",\"isPartOf\":{\"@id\":\"https:\/\/apiecomm.com.br\/#website\"},\"primaryImageOfPage\":{\"@id\":\"https:\/\/apiecomm.com.br\/es\/mercado-libre\/#primaryimage\"},\"datePublished\":\"2021-03-05T23:30:18+00:00\",\"dateModified\":\"2021-04-02T14:27:35+00:00\",\"breadcrumb\":{\"@id\":\"https:\/\/apiecomm.com.br\/es\/mercado-libre\/#breadcrumb\"},\"inLanguage\":\"es\",\"potentialAction\":[{\"@type\":\"ReadAction\",\"target\":[\"https:\/\/apiecomm.com.br\/es\/mercado-libre\/\"]}]},{\"@type\":\"BreadcrumbList\",\"@id\":\"https:\/\/apiecomm.com.br\/es\/mercado-libre\/#breadcrumb\",\"itemListElement\":[{\"@type\":\"ListItem\",\"position\":1,\"name\":\"In\\u00edcio\",\"item\":\"https:\/\/apiecomm.com.br\/es\/\"},{\"@type\":\"ListItem\",\"position\":2,\"name\":\"Mercado Libre\"}]}]}<\/script>\n<!-- \/ Yoast SEO plugin. -->","yoast_head_json":{"title":"Mercado Libre - api.ecomm","robots":{"index":"index","follow":"follow","max-snippet":"max-snippet:-1","max-image-preview":"max-image-preview:large","max-video-preview":"max-video-preview:-1"},"canonical":"https:\/\/apiecomm.com.br\/es\/mercado-libre\/","og_locale":"es_ES","og_type":"article","og_title":"Mercado Libre - api.ecomm","og_description":"Mercado Libre Fundada en 1999, Mercado Libre es la compa\u00f1\u00eda l\u00edder en tecnolog\u00eda de comercio electr\u00f3nico y servicios financieros en Am\u00e9rica Latina. La empresa ofrece soluciones para que personas y empresas puedan comprar, vender, pagar, publicitar y enviar productos y servicios a trav\u00e9s de internet. La empresa ofrece soluciones para que personas y empresas puedan &hellip; Mercado Libre Leer m\u00e1s &raquo;","og_url":"https:\/\/apiecomm.com.br\/es\/mercado-libre\/","og_site_name":"api.ecomm","article_modified_time":"2021-04-02T14:27:35+00:00","og_image":[{"url":"http:\/\/apiecomm.com.br\/wp-content\/uploads\/2021\/04\/mercado_livre-1-1-copy.jpg"}],"twitter_card":"summary_large_image","twitter_misc":{"Tiempo de lectura":"1 minuto"},"schema":{"@context":"https:\/\/schema.org","@graph":[{"@type":"WebSite","@id":"https:\/\/apiecomm.com.br\/#website","url":"https:\/\/apiecomm.com.br\/","name":"api.ecomm","description":"Sua plataforma de integraa\u00e7\u00e3o","potentialAction":[{"@type":"SearchAction","target":{"@type":"EntryPoint","urlTemplate":"https:\/\/apiecomm.com.br\/?s={search_term_string}"},"query-input":"required name=search_term_string"}],"inLanguage":"es"},{"@type":"ImageObject","@id":"https:\/\/apiecomm.com.br\/es\/mercado-libre\/#primaryimage","inLanguage":"es","url":"http:\/\/apiecomm.com.br\/wp-content\/uploads\/2021\/04\/mercado_livre-1-1-copy.jpg","contentUrl":"http:\/\/apiecomm.com.br\/wp-content\/uploads\/2021\/04\/mercado_livre-1-1-copy.jpg"},{"@type":"WebPage","@id":"https:\/\/apiecomm.com.br\/es\/mercado-libre\/#webpage","url":"https:\/\/apiecomm.com.br\/es\/mercado-libre\/","name":"Mercado Libre - api.ecomm","isPartOf":{"@id":"https:\/\/apiecomm.com.br\/#website"},"primaryImageOfPage":{"@id":"https:\/\/apiecomm.com.br\/es\/mercado-libre\/#primaryimage"},"datePublished":"2021-03-05T23:30:18+00:00","dateModified":"2021-04-02T14:27:35+00:00","breadcrumb":{"@id":"https:\/\/apiecomm.com.br\/es\/mercado-libre\/#breadcrumb"},"inLanguage":"es","potentialAction":[{"@type":"ReadAction","target":["https:\/\/apiecomm.com.br\/es\/mercado-libre\/"]}]},{"@type":"BreadcrumbList","@id":"https:\/\/apiecomm.com.br\/es\/mercado-libre\/#breadcrumb","itemListElement":[{"@type":"ListItem","position":1,"name":"In\u00edcio","item":"https:\/\/apiecomm.com.br\/es\/"},{"@type":"ListItem","position":2,"name":"Mercado Libre"}]}]}},"_links":{"self":[{"href":"https:\/\/apiecomm.com.br\/es\/wp-json\/wp\/v2\/pages\/1833"}],"collection":[{"href":"https:\/\/apiecomm.com.br\/es\/wp-json\/wp\/v2\/pages"}],"about":[{"href":"https:\/\/apiecomm.com.br\/es\/wp-json\/wp\/v2\/types\/page"}],"author":[{"embeddable":true,"href":"https:\/\/apiecomm.com.br\/es\/wp-json\/wp\/v2\/users\/5"}],"replies":[{"embeddable":true,"href":"https:\/\/apiecomm.com.br\/es\/wp-json\/wp\/v2\/comments?post=1833"}],"version-history":[{"count":7,"href":"https:\/\/apiecomm.com.br\/es\/wp-json\/wp\/v2\/pages\/1833\/revisions"}],"predecessor-version":[{"id":2122,"href":"https:\/\/apiecomm.com.br\/es\/wp-json\/wp\/v2\/pages\/1833\/revisions\/2122"}],"wp:attachment":[{"href":"https:\/\/apiecomm.com.br\/es\/wp-json\/wp\/v2\/media?parent=1833"}],"curies":[{"name":"wp","href":"https:\/\/api.w.org\/{rel}","templated":true}]}}