{"id":1777,"date":"2021-03-05T20:25:09","date_gmt":"2021-03-05T23:25:09","guid":{"rendered":"http:\/\/apiecomm.com.br\/magalu\/"},"modified":"2021-03-05T20:25:09","modified_gmt":"2021-03-05T23:25:09","slug":"magalu","status":"publish","type":"page","link":"https:\/\/apiecomm.com.br\/es\/magalu\/","title":{"rendered":"MAGALU"},"content":{"rendered":"\t\t<div data-elementor-type=\"wp-page\" data-elementor-id=\"1777\" class=\"elementor elementor-1777 elementor-1247\" data-elementor-settings=\"[]\">\n\t\t\t\t\t\t<div class=\"elementor-inner\">\n\t\t\t\t\t\t\t<div class=\"elementor-section-wrap\">\n\t\t\t\t\t\t\t<section class=\"elementor-section elementor-top-section elementor-element elementor-element-d08b09e elementor-section-boxed elementor-section-height-default elementor-section-height-default\" data-id=\"d08b09e\" data-element_type=\"section\">\n\t\t\t\t\t\t<div class=\"elementor-container elementor-column-gap-default\">\n\t\t\t\t\t\t\t<div class=\"elementor-row\">\n\t\t\t\t\t<div class=\"elementor-column elementor-col-50 elementor-top-column elementor-element elementor-element-69a13fe\" data-id=\"69a13fe\" data-element_type=\"column\">\n\t\t\t<div class=\"elementor-column-wrap elementor-element-populated\">\n\t\t\t\t\t\t\t<div class=\"elementor-widget-wrap\">\n\t\t\t\t\t\t<div class=\"elementor-element elementor-element-df38c1c elementor-invisible elementor-widget elementor-widget-heading\" data-id=\"df38c1c\" data-element_type=\"widget\" data-settings=\"{&quot;_animation&quot;:&quot;fadeIn&quot;}\" data-widget_type=\"heading.default\">\n\t\t\t\t<div class=\"elementor-widget-container\">\n\t\t\t<h2 class=\"elementor-heading-title elementor-size-default\">Magalu<\/h2>\t\t<\/div>\n\t\t\t\t<\/div>\n\t\t\t\t<div class=\"elementor-element elementor-element-23f6306 elementor-widget elementor-widget-text-editor\" data-id=\"23f6306\" data-element_type=\"widget\" data-widget_type=\"text-editor.default\">\n\t\t\t\t<div class=\"elementor-widget-container\">\n\t\t\t\t\t\t\t\t<div class=\"elementor-text-editor elementor-clearfix\">\n\t\t\t\t<p><strong>Magalu es el ecosistema m\u00e1s grande para comprar y vender en Brasil.<\/strong><\/p>\n<p>\u00a1Una plataforma digital con puntos f\u00edsicos y calidez humana!<\/p>\n<p>Desde mayo de 2011, la compa\u00f1\u00eda cotiza en el Novo Mercado de B3.<\/p>\n<p>En los \u00faltimos a\u00f1os, ha realizado varias adquisiciones, consolidando su presencia nacional.<\/p>\n<p>Adem\u00e1s de las 1.157 tiendas en 18 estados de Brasil, Magalu cuenta con cinco marcas online m\u00e1s: Netshoes, Zattini, Shoestock, \u00c9poca Cosm\u00e9ticos y Estante Virtual \u2013 miles de vendedores en su marketplace y una superaplicaci\u00f3n con 30 millones de usuarios activos.<\/p>\n\t\t\t\t\t<\/div>\n\t\t\t\t\t\t<\/div>\n\t\t\t\t<\/div>\n\t\t\t\t\t\t<\/div>\n\t\t\t\t\t<\/div>\n\t\t<\/div>\n\t\t\t\t<div class=\"elementor-column elementor-col-50 elementor-top-column elementor-element elementor-element-79016d8\" data-id=\"79016d8\" data-element_type=\"column\">\n\t\t\t<div class=\"elementor-column-wrap elementor-element-populated\">\n\t\t\t\t\t\t\t<div class=\"elementor-widget-wrap\">\n\t\t\t\t\t\t<div class=\"elementor-element elementor-element-7e191b8 elementor-widget elementor-widget-image\" data-id=\"7e191b8\" data-element_type=\"widget\" data-widget_type=\"image.default\">\n\t\t\t\t<div class=\"elementor-widget-container\">\n\t\t\t\t\t\t\t\t<div class=\"elementor-image\">\n\t\t\t\t\t\t\t\t\t\t\t\t<img width=\"900\" height=\"749\" src=\"https:\/\/apiecomm.com.br\/wp-content\/uploads\/2020\/12\/magalu-parceiro.jpg\" class=\"attachment-full size-full\" alt=\"\" loading=\"lazy\" srcset=\"https:\/\/apiecomm.com.br\/wp-content\/uploads\/2020\/12\/magalu-parceiro.jpg 900w, https:\/\/apiecomm.com.br\/wp-content\/uploads\/2020\/12\/magalu-parceiro-300x250.jpg 300w, https:\/\/apiecomm.com.br\/wp-content\/uploads\/2020\/12\/magalu-parceiro-768x639.jpg 768w\" sizes=\"(max-width: 900px) 100vw, 900px\" \/>\t\t\t\t\t\t\t\t\t\t\t\t\t\t<\/div>\n\t\t\t\t\t\t<\/div>\n\t\t\t\t<\/div>\n\t\t\t\t\t\t<\/div>\n\t\t\t\t\t<\/div>\n\t\t<\/div>\n\t\t\t\t\t\t\t\t<\/div>\n\t\t\t\t\t<\/div>\n\t\t<\/section>\n\t\t\t\t<section class=\"elementor-section elementor-top-section elementor-element elementor-element-559e6bc elementor-section-boxed elementor-section-height-default elementor-section-height-default\" data-id=\"559e6bc\" data-element_type=\"section\">\n\t\t\t\t\t\t<div class=\"elementor-container elementor-column-gap-default\">\n\t\t\t\t\t\t\t<div class=\"elementor-row\">\n\t\t\t\t\t<div class=\"elementor-column elementor-col-100 elementor-top-column elementor-element elementor-element-8447ca2\" data-id=\"8447ca2\" data-element_type=\"column\">\n\t\t\t<div class=\"elementor-column-wrap elementor-element-populated\">\n\t\t\t\t\t\t\t<div class=\"elementor-widget-wrap\">\n\t\t\t\t\t\t<div class=\"elementor-element elementor-element-a08b4ed elementor-widget-divider--view-line elementor-widget elementor-widget-divider\" data-id=\"a08b4ed\" data-element_type=\"widget\" data-widget_type=\"divider.default\">\n\t\t\t\t<div class=\"elementor-widget-container\">\n\t\t\t\t\t<div class=\"elementor-divider\">\n\t\t\t<span class=\"elementor-divider-separator\">\n\t\t\t\t\t\t<\/span>\n\t\t<\/div>\n\t\t\t\t<\/div>\n\t\t\t\t<\/div>\n\t\t\t\t<section class=\"elementor-section elementor-inner-section elementor-element elementor-element-1628ce1 elementor-section-boxed elementor-section-height-default elementor-section-height-default\" data-id=\"1628ce1\" data-element_type=\"section\">\n\t\t\t\t\t\t<div class=\"elementor-container elementor-column-gap-default\">\n\t\t\t\t\t\t\t<div class=\"elementor-row\">\n\t\t\t\t\t<div class=\"elementor-column elementor-col-50 elementor-inner-column elementor-element elementor-element-23977a3\" data-id=\"23977a3\" data-element_type=\"column\">\n\t\t\t<div class=\"elementor-column-wrap elementor-element-populated\">\n\t\t\t\t\t\t\t<div class=\"elementor-widget-wrap\">\n\t\t\t\t\t\t<div class=\"elementor-element elementor-element-54aaf98 elementor-widget elementor-widget-image\" data-id=\"54aaf98\" data-element_type=\"widget\" data-widget_type=\"image.default\">\n\t\t\t\t<div class=\"elementor-widget-container\">\n\t\t\t\t\t\t\t\t<div class=\"elementor-image\">\n\t\t\t\t\t\t\t\t\t\t\t\t<img width=\"631\" height=\"406\" src=\"https:\/\/apiecomm.com.br\/wp-content\/uploads\/2020\/12\/05.jpg\" class=\"attachment-full size-full\" alt=\"\" loading=\"lazy\" srcset=\"https:\/\/apiecomm.com.br\/wp-content\/uploads\/2020\/12\/05.jpg 631w, https:\/\/apiecomm.com.br\/wp-content\/uploads\/2020\/12\/05-300x193.jpg 300w\" sizes=\"(max-width: 631px) 100vw, 631px\" \/>\t\t\t\t\t\t\t\t\t\t\t\t\t\t<\/div>\n\t\t\t\t\t\t<\/div>\n\t\t\t\t<\/div>\n\t\t\t\t\t\t<\/div>\n\t\t\t\t\t<\/div>\n\t\t<\/div>\n\t\t\t\t<div class=\"elementor-column elementor-col-50 elementor-inner-column elementor-element elementor-element-b1c4290\" data-id=\"b1c4290\" data-element_type=\"column\">\n\t\t\t<div class=\"elementor-column-wrap elementor-element-populated\">\n\t\t\t\t\t\t\t<div class=\"elementor-widget-wrap\">\n\t\t\t\t\t\t<div class=\"elementor-element elementor-element-951a0dd elementor-widget elementor-widget-heading\" data-id=\"951a0dd\" data-element_type=\"widget\" data-widget_type=\"heading.default\">\n\t\t\t\t<div class=\"elementor-widget-container\">\n\t\t\t<h2 class=\"elementor-heading-title elementor-size-default\">Funcionalidades:\u200b<\/h2>\t\t<\/div>\n\t\t\t\t<\/div>\n\t\t\t\t<div class=\"elementor-element elementor-element-b1e0925 elementor-widget elementor-widget-text-editor\" data-id=\"b1e0925\" data-element_type=\"widget\" data-widget_type=\"text-editor.default\">\n\t\t\t\t<div class=\"elementor-widget-container\">\n\t\t\t\t\t\t\t\t<div class=\"elementor-text-editor elementor-clearfix\">\n\t\t\t\t<ul>\n<li style=\"font-weight: 400;\"><span style=\"font-weight: 400;\">integraci\u00f3n de etiquetas Magalu Entregas a tu ERP y posibilidad de imprimir directamente en nuestra plataforma;<\/span><\/li>\n<li style=\"font-weight: 400;\"><span style=\"font-weight: 400;\">Gesti\u00f3n de m\u00faltiples cuentas; <\/span><\/li>\n<li style=\"font-weight: 400;\"><span style=\"font-weight: 400;\">Repositorio de im\u00e1genes para la publicaci\u00f3n de anuncios.<\/span><\/li>\n<\/ul>\n\t\t\t\t\t<\/div>\n\t\t\t\t\t\t<\/div>\n\t\t\t\t<\/div>\n\t\t\t\t\t\t<\/div>\n\t\t\t\t\t<\/div>\n\t\t<\/div>\n\t\t\t\t\t\t\t\t<\/div>\n\t\t\t\t\t<\/div>\n\t\t<\/section>\n\t\t\t\t<div class=\"elementor-element elementor-element-7ae12b9 elementor-widget elementor-widget-spacer\" data-id=\"7ae12b9\" data-element_type=\"widget\" data-widget_type=\"spacer.default\">\n\t\t\t\t<div class=\"elementor-widget-container\">\n\t\t\t\t\t<div class=\"elementor-spacer\">\n\t\t\t<div class=\"elementor-spacer-inner\"><\/div>\n\t\t<\/div>\n\t\t\t\t<\/div>\n\t\t\t\t<\/div>\n\t\t\t\t\t\t<\/div>\n\t\t\t\t\t<\/div>\n\t\t<\/div>\n\t\t\t\t\t\t\t\t<\/div>\n\t\t\t\t\t<\/div>\n\t\t<\/section>\n\t\t\t\t\t\t<\/div>\n\t\t\t\t\t\t<\/div>\n\t\t\t\t\t<\/div>\n\t\t","protected":false},"excerpt":{"rendered":"<p>Magalu Magalu es el ecosistema m\u00e1s grande para comprar y vender en Brasil. \u00a1Una plataforma digital con puntos f\u00edsicos y calidez humana! Desde mayo de 2011, la compa\u00f1\u00eda cotiza en el Novo Mercado de B3. En los \u00faltimos a\u00f1os, ha realizado varias adquisiciones, consolidando su presencia nacional. Adem\u00e1s de las 1.157 tiendas en 18 estados &hellip;<\/p>\n<p class=\"read-more\"> <a class=\"\" href=\"https:\/\/apiecomm.com.br\/es\/magalu\/\"> <span class=\"screen-reader-text\">MAGALU<\/span> Leer m\u00e1s &raquo;<\/a><\/p>\n","protected":false},"author":5,"featured_media":0,"parent":0,"menu_order":0,"comment_status":"closed","ping_status":"closed","template":"","meta":[],"yoast_head":"<!-- This site is optimized with the Yoast SEO plugin v17.4 - https:\/\/yoast.com\/wordpress\/plugins\/seo\/ -->\n<title>MAGALU - api.ecomm<\/title>\n<meta name=\"robots\" content=\"index, follow, max-snippet:-1, max-image-preview:large, max-video-preview:-1\" \/>\n<link rel=\"canonical\" href=\"https:\/\/apiecomm.com.br\/es\/magalu\/\" \/>\n<meta property=\"og:locale\" content=\"es_ES\" \/>\n<meta property=\"og:type\" content=\"article\" \/>\n<meta property=\"og:title\" content=\"MAGALU - api.ecomm\" \/>\n<meta property=\"og:description\" content=\"Magalu Magalu es el ecosistema m\u00e1s grande para comprar y vender en Brasil. \u00a1Una plataforma digital con puntos f\u00edsicos y calidez humana! Desde mayo de 2011, la compa\u00f1\u00eda cotiza en el Novo Mercado de B3. En los \u00faltimos a\u00f1os, ha realizado varias adquisiciones, consolidando su presencia nacional. Adem\u00e1s de las 1.157 tiendas en 18 estados &hellip; MAGALU Leer m\u00e1s &raquo;\" \/>\n<meta property=\"og:url\" content=\"https:\/\/apiecomm.com.br\/es\/magalu\/\" \/>\n<meta property=\"og:site_name\" content=\"api.ecomm\" \/>\n<meta property=\"og:image\" content=\"http:\/\/apiecomm.com.br\/wp-content\/uploads\/2020\/12\/magalu-parceiro.jpg\" \/>\n<meta name=\"twitter:card\" content=\"summary_large_image\" \/>\n<meta name=\"twitter:label1\" content=\"Tiempo de lectura\" \/>\n\t<meta name=\"twitter:data1\" content=\"1 minuto\" \/>\n<script type=\"application\/ld+json\" class=\"yoast-schema-graph\">{\"@context\":\"https:\/\/schema.org\",\"@graph\":[{\"@type\":\"WebSite\",\"@id\":\"https:\/\/apiecomm.com.br\/#website\",\"url\":\"https:\/\/apiecomm.com.br\/\",\"name\":\"api.ecomm\",\"description\":\"Sua plataforma de integraa\\u00e7\\u00e3o\",\"potentialAction\":[{\"@type\":\"SearchAction\",\"target\":{\"@type\":\"EntryPoint\",\"urlTemplate\":\"https:\/\/apiecomm.com.br\/?s={search_term_string}\"},\"query-input\":\"required name=search_term_string\"}],\"inLanguage\":\"es\"},{\"@type\":\"ImageObject\",\"@id\":\"https:\/\/apiecomm.com.br\/es\/magalu\/#primaryimage\",\"inLanguage\":\"es\",\"url\":\"http:\/\/apiecomm.com.br\/wp-content\/uploads\/2020\/12\/magalu-parceiro.jpg\",\"contentUrl\":\"http:\/\/apiecomm.com.br\/wp-content\/uploads\/2020\/12\/magalu-parceiro.jpg\"},{\"@type\":\"WebPage\",\"@id\":\"https:\/\/apiecomm.com.br\/es\/magalu\/#webpage\",\"url\":\"https:\/\/apiecomm.com.br\/es\/magalu\/\",\"name\":\"MAGALU - api.ecomm\",\"isPartOf\":{\"@id\":\"https:\/\/apiecomm.com.br\/#website\"},\"primaryImageOfPage\":{\"@id\":\"https:\/\/apiecomm.com.br\/es\/magalu\/#primaryimage\"},\"datePublished\":\"2021-03-05T23:25:09+00:00\",\"dateModified\":\"2021-03-05T23:25:09+00:00\",\"breadcrumb\":{\"@id\":\"https:\/\/apiecomm.com.br\/es\/magalu\/#breadcrumb\"},\"inLanguage\":\"es\",\"potentialAction\":[{\"@type\":\"ReadAction\",\"target\":[\"https:\/\/apiecomm.com.br\/es\/magalu\/\"]}]},{\"@type\":\"BreadcrumbList\",\"@id\":\"https:\/\/apiecomm.com.br\/es\/magalu\/#breadcrumb\",\"itemListElement\":[{\"@type\":\"ListItem\",\"position\":1,\"name\":\"In\\u00edcio\",\"item\":\"https:\/\/apiecomm.com.br\/es\/\"},{\"@type\":\"ListItem\",\"position\":2,\"name\":\"MAGALU\"}]}]}<\/script>\n<!-- \/ Yoast SEO plugin. -->","yoast_head_json":{"title":"MAGALU - api.ecomm","robots":{"index":"index","follow":"follow","max-snippet":"max-snippet:-1","max-image-preview":"max-image-preview:large","max-video-preview":"max-video-preview:-1"},"canonical":"https:\/\/apiecomm.com.br\/es\/magalu\/","og_locale":"es_ES","og_type":"article","og_title":"MAGALU - api.ecomm","og_description":"Magalu Magalu es el ecosistema m\u00e1s grande para comprar y vender en Brasil. \u00a1Una plataforma digital con puntos f\u00edsicos y calidez humana! Desde mayo de 2011, la compa\u00f1\u00eda cotiza en el Novo Mercado de B3. En los \u00faltimos a\u00f1os, ha realizado varias adquisiciones, consolidando su presencia nacional. Adem\u00e1s de las 1.157 tiendas en 18 estados &hellip; MAGALU Leer m\u00e1s &raquo;","og_url":"https:\/\/apiecomm.com.br\/es\/magalu\/","og_site_name":"api.ecomm","og_image":[{"url":"http:\/\/apiecomm.com.br\/wp-content\/uploads\/2020\/12\/magalu-parceiro.jpg"}],"twitter_card":"summary_large_image","twitter_misc":{"Tiempo de lectura":"1 minuto"},"schema":{"@context":"https:\/\/schema.org","@graph":[{"@type":"WebSite","@id":"https:\/\/apiecomm.com.br\/#website","url":"https:\/\/apiecomm.com.br\/","name":"api.ecomm","description":"Sua plataforma de integraa\u00e7\u00e3o","potentialAction":[{"@type":"SearchAction","target":{"@type":"EntryPoint","urlTemplate":"https:\/\/apiecomm.com.br\/?s={search_term_string}"},"query-input":"required name=search_term_string"}],"inLanguage":"es"},{"@type":"ImageObject","@id":"https:\/\/apiecomm.com.br\/es\/magalu\/#primaryimage","inLanguage":"es","url":"http:\/\/apiecomm.com.br\/wp-content\/uploads\/2020\/12\/magalu-parceiro.jpg","contentUrl":"http:\/\/apiecomm.com.br\/wp-content\/uploads\/2020\/12\/magalu-parceiro.jpg"},{"@type":"WebPage","@id":"https:\/\/apiecomm.com.br\/es\/magalu\/#webpage","url":"https:\/\/apiecomm.com.br\/es\/magalu\/","name":"MAGALU - api.ecomm","isPartOf":{"@id":"https:\/\/apiecomm.com.br\/#website"},"primaryImageOfPage":{"@id":"https:\/\/apiecomm.com.br\/es\/magalu\/#primaryimage"},"datePublished":"2021-03-05T23:25:09+00:00","dateModified":"2021-03-05T23:25:09+00:00","breadcrumb":{"@id":"https:\/\/apiecomm.com.br\/es\/magalu\/#breadcrumb"},"inLanguage":"es","potentialAction":[{"@type":"ReadAction","target":["https:\/\/apiecomm.com.br\/es\/magalu\/"]}]},{"@type":"BreadcrumbList","@id":"https:\/\/apiecomm.com.br\/es\/magalu\/#breadcrumb","itemListElement":[{"@type":"ListItem","position":1,"name":"In\u00edcio","item":"https:\/\/apiecomm.com.br\/es\/"},{"@type":"ListItem","position":2,"name":"MAGALU"}]}]}},"_links":{"self":[{"href":"https:\/\/apiecomm.com.br\/es\/wp-json\/wp\/v2\/pages\/1777"}],"collection":[{"href":"https:\/\/apiecomm.com.br\/es\/wp-json\/wp\/v2\/pages"}],"about":[{"href":"https:\/\/apiecomm.com.br\/es\/wp-json\/wp\/v2\/types\/page"}],"author":[{"embeddable":true,"href":"https:\/\/apiecomm.com.br\/es\/wp-json\/wp\/v2\/users\/5"}],"replies":[{"embeddable":true,"href":"https:\/\/apiecomm.com.br\/es\/wp-json\/wp\/v2\/comments?post=1777"}],"version-history":[{"count":1,"href":"https:\/\/apiecomm.com.br\/es\/wp-json\/wp\/v2\/pages\/1777\/revisions"}],"predecessor-version":[{"id":1778,"href":"https:\/\/apiecomm.com.br\/es\/wp-json\/wp\/v2\/pages\/1777\/revisions\/1778"}],"wp:attachment":[{"href":"https:\/\/apiecomm.com.br\/es\/wp-json\/wp\/v2\/media?parent=1777"}],"curies":[{"name":"wp","href":"https:\/\/api.w.org\/{rel}","templated":true}]}}